{"id":96,"date":"2016-11-28T14:51:08","date_gmt":"2016-11-28T13:51:08","guid":{"rendered":"http:\/\/herr-diebold.de\/wordpress\/?page_id=96"},"modified":"2017-01-10T10:26:47","modified_gmt":"2017-01-10T09:26:47","slug":"dr-schwob-ond-dweida-welt","status":"publish","type":"page","link":"https:\/\/herr-diebold.de\/index.php\/dr-schwob-ond-dweida-welt\/","title":{"rendered":"Dr Schwob ond d&#8217;weida Welt"},"content":{"rendered":"<p><img loading=\"lazy\" decoding=\"async\" class=\"alignnone wp-image-131 size-medium\" src=\"https:\/\/herr-diebold.de\/wp-content\/uploads\/2016\/11\/Dr_Schwob_Web-300x274.jpg\" alt=\"dr_schwob_web\" width=\"300\" height=\"274\" srcset=\"https:\/\/herr-diebold.de\/wp-content\/uploads\/2016\/11\/Dr_Schwob_Web-300x274.jpg 300w, https:\/\/herr-diebold.de\/wp-content\/uploads\/2016\/11\/Dr_Schwob_Web-768x702.jpg 768w, https:\/\/herr-diebold.de\/wp-content\/uploads\/2016\/11\/Dr_Schwob_Web-1024x936.jpg 1024w, https:\/\/herr-diebold.de\/wp-content\/uploads\/2016\/11\/Dr_Schwob_Web-830x759.jpg 830w, https:\/\/herr-diebold.de\/wp-content\/uploads\/2016\/11\/Dr_Schwob_Web-230x210.jpg 230w, https:\/\/herr-diebold.de\/wp-content\/uploads\/2016\/11\/Dr_Schwob_Web-350x320.jpg 350w, https:\/\/herr-diebold.de\/wp-content\/uploads\/2016\/11\/Dr_Schwob_Web-480x439.jpg 480w, https:\/\/herr-diebold.de\/wp-content\/uploads\/2016\/11\/Dr_Schwob_Web.jpg 1654w\" sizes=\"(max-width: 300px) 100vw, 300px\" \/><\/p>\n<p>Wer sagt denn, dass Schwaben immer bodenst\u00e4ndig bleiben m\u00fcssen?<\/p>\n<p>Der Herr Diebold macht es vor, indem er seit Sommer2016 in Kairo lebt. Zur\u00fcckgelassen hat er aber \u2013 zum Gl\u00fcck! \u2013 mit \u201eDr Schwob ond d\u2019weida Welt\u201c die aktuelle CD von \u201eHerr Diebold ond Kollega\u201c, die nun als neuestes Meisterwerk der Sp\u00e4tzlesmugger von der Ostalb vorliegt.<\/p>\n<p>17 (manche sagen auch 18) Songs aus dem Feinschmeckermen\u00fc des internationalen Pop und Rock sind darauf zu h\u00f6ren. Den Zuh\u00f6rer erwartet mit jedem Ton ein D\u00e9j\u00e0-vu der besonderen Art. Einige der gr\u00f6\u00dften Sch\u00e4tze der modernen Musik finden sich auf der neuen CD, zum Beispiel der ehemalige Werbesong \u201eJeans on\u201c oder das oft gecoverte \u201eHallelujah\u201c. Rockige Titel wie \u201e500 miles\u201c wechseln sich ab mit Klassikern von CCR, Blues von Fleetwood Mac oder Soul von George Michael.<\/p>\n<p>Das alles im unverwechselbaren \u201eBroide-Nudla-Schw\u00e4bisch\u201c der Ostalb, mal textlich nah beim witzigen Original, mal v\u00f6llig neu interpretiert, immer getreu dem Motto des kloina Orkeschderles: \u201eSchw\u00e4bischer Oh\u2019senn en bekannde Melodiea\u201c.<\/p>\n<p>Wir greifen Themen von weltver\u00e4ndernder Aktualit\u00e4t auf: War\u2019s ohne Mobiltelefon besser? Lohnt sich die Altbausanierung? Ist der Seitensprung schon das Ende jeder Beziehung? Warum \u00fcbt der Schlussverkauf eine besondere Anziehung auf das weibliche Geschlecht aus? Oder Hat man schon Alzheimer, wenn man sich mal beim Wandern verl\u00e4uft?<\/p>\n<p>Wer die Antworten erfahren m\u00f6chte oder wer einfach Bock auf gut gemachte, witzige Musik im sch\u00f6nsten aller deutschen Dialekte hat, muss einfach zuschlagen. Die CD ist f\u00fcr 18,50 \u20ac (einschl. 3,50\u00a0\u20ac Porto und Verpackung) im Direktbezug bei uns erh\u00e4ltlich.<\/p>\n<p>Bestellen k\u00f6nnt ihr unsere 2016er CD\u00a0\u00fcber unser <a href=\"https:\/\/herr-diebold.de\/index.php\/cds-bestellen\/\">Bestellformular<\/a><\/p>\n<p>&nbsp;<\/p>\n<ol>\n<li>M\u00e4dla Mobbeds &amp; Musigg<!--[if lt IE 9]><script>document.createElement('audio');<\/script><![endif]-->\n<audio class=\"wp-audio-shortcode\" id=\"audio-96-1\" preload=\"none\" style=\"width: 100%;\" controls=\"controls\"><source type=\"audio\/mpeg\" src=\"https:\/\/herr-diebold.de\/wp-content\/uploads\/2016\/11\/01_M\u00e4dla-Mobbeds-Musigg.mp3?_=1\" \/><a href=\"https:\/\/herr-diebold.de\/wp-content\/uploads\/2016\/11\/01_M\u00e4dla-Mobbeds-Musigg.mp3\">https:\/\/herr-diebold.de\/wp-content\/uploads\/2016\/11\/01_M\u00e4dla-Mobbeds-Musigg.mp3<\/a><\/audio><\/li>\n<li>Wo isch dr Wanderweg<audio class=\"wp-audio-shortcode\" id=\"audio-96-2\" preload=\"none\" style=\"width: 100%;\" controls=\"controls\"><source type=\"audio\/mpeg\" src=\"https:\/\/herr-diebold.de\/wp-content\/uploads\/2016\/11\/02_Wo-isch-dr-Wanderweg.mp3?_=2\" \/><a href=\"https:\/\/herr-diebold.de\/wp-content\/uploads\/2016\/11\/02_Wo-isch-dr-Wanderweg.mp3\">https:\/\/herr-diebold.de\/wp-content\/uploads\/2016\/11\/02_Wo-isch-dr-Wanderweg.mp3<\/a><\/audio><\/li>\n<li>D\u2019r Schwob ond d\u2019weida Welt<audio class=\"wp-audio-shortcode\" id=\"audio-96-3\" preload=\"none\" style=\"width: 100%;\" controls=\"controls\"><source type=\"audio\/mpeg\" src=\"https:\/\/herr-diebold.de\/wp-content\/uploads\/2016\/11\/03_Dr-Schwob-ond-dweida-Welt.mp3?_=3\" \/><a href=\"https:\/\/herr-diebold.de\/wp-content\/uploads\/2016\/11\/03_Dr-Schwob-ond-dweida-Welt.mp3\">https:\/\/herr-diebold.de\/wp-content\/uploads\/2016\/11\/03_Dr-Schwob-ond-dweida-Welt.mp3<\/a><\/audio><\/li>\n<li>Jeans a<audio class=\"wp-audio-shortcode\" id=\"audio-96-4\" preload=\"none\" style=\"width: 100%;\" controls=\"controls\"><source type=\"audio\/mpeg\" src=\"https:\/\/herr-diebold.de\/wp-content\/uploads\/2016\/11\/04_Jeans-a.mp3?_=4\" \/><a href=\"https:\/\/herr-diebold.de\/wp-content\/uploads\/2016\/11\/04_Jeans-a.mp3\">https:\/\/herr-diebold.de\/wp-content\/uploads\/2016\/11\/04_Jeans-a.mp3<\/a><\/audio><\/li>\n<li>Onda am Eck<audio class=\"wp-audio-shortcode\" id=\"audio-96-5\" preload=\"none\" style=\"width: 100%;\" controls=\"controls\"><source type=\"audio\/mpeg\" src=\"https:\/\/herr-diebold.de\/wp-content\/uploads\/2016\/11\/05_Onda-am-Eck.mp3?_=5\" \/><a href=\"https:\/\/herr-diebold.de\/wp-content\/uploads\/2016\/11\/05_Onda-am-Eck.mp3\">https:\/\/herr-diebold.de\/wp-content\/uploads\/2016\/11\/05_Onda-am-Eck.mp3<\/a><\/audio><\/li>\n<li>Hallo Julia<audio class=\"wp-audio-shortcode\" id=\"audio-96-6\" preload=\"none\" style=\"width: 100%;\" controls=\"controls\"><source type=\"audio\/mpeg\" src=\"https:\/\/herr-diebold.de\/wp-content\/uploads\/2016\/11\/06_Hallo-Julia.mp3?_=6\" \/><a href=\"https:\/\/herr-diebold.de\/wp-content\/uploads\/2016\/11\/06_Hallo-Julia.mp3\">https:\/\/herr-diebold.de\/wp-content\/uploads\/2016\/11\/06_Hallo-Julia.mp3<\/a><\/audio><\/li>\n<li>Jong vom J\u00e4germoischder<audio class=\"wp-audio-shortcode\" id=\"audio-96-7\" preload=\"none\" style=\"width: 100%;\" controls=\"controls\"><source type=\"audio\/mpeg\" src=\"https:\/\/herr-diebold.de\/wp-content\/uploads\/2016\/11\/07_Jong-vom-J\u00e4germoischder.mp3?_=7\" \/><a href=\"https:\/\/herr-diebold.de\/wp-content\/uploads\/2016\/11\/07_Jong-vom-J\u00e4germoischder.mp3\">https:\/\/herr-diebold.de\/wp-content\/uploads\/2016\/11\/07_Jong-vom-J\u00e4germoischder.mp3<\/a><\/audio><\/li>\n<li>Mamma-Ma<audio class=\"wp-audio-shortcode\" id=\"audio-96-8\" preload=\"none\" style=\"width: 100%;\" controls=\"controls\"><source type=\"audio\/mpeg\" src=\"https:\/\/herr-diebold.de\/wp-content\/uploads\/2016\/11\/08_Mamma-Ma.mp3?_=8\" \/><a href=\"https:\/\/herr-diebold.de\/wp-content\/uploads\/2016\/11\/08_Mamma-Ma.mp3\">https:\/\/herr-diebold.de\/wp-content\/uploads\/2016\/11\/08_Mamma-Ma.mp3<\/a><\/audio><\/li>\n<li>No net hudla<audio class=\"wp-audio-shortcode\" id=\"audio-96-9\" preload=\"none\" style=\"width: 100%;\" controls=\"controls\"><source type=\"audio\/mpeg\" src=\"https:\/\/herr-diebold.de\/wp-content\/uploads\/2016\/11\/09_No-net-hudla.mp3?_=9\" \/><a href=\"https:\/\/herr-diebold.de\/wp-content\/uploads\/2016\/11\/09_No-net-hudla.mp3\">https:\/\/herr-diebold.de\/wp-content\/uploads\/2016\/11\/09_No-net-hudla.mp3<\/a><\/audio><\/li>\n<li>Doba em Hemm\u2019l<audio class=\"wp-audio-shortcode\" id=\"audio-96-10\" preload=\"none\" style=\"width: 100%;\" controls=\"controls\"><source type=\"audio\/mpeg\" src=\"https:\/\/herr-diebold.de\/wp-content\/uploads\/2016\/11\/10_Doba-em-Hemml.mp3?_=10\" \/><a href=\"https:\/\/herr-diebold.de\/wp-content\/uploads\/2016\/11\/10_Doba-em-Hemml.mp3\">https:\/\/herr-diebold.de\/wp-content\/uploads\/2016\/11\/10_Doba-em-Hemml.mp3<\/a><\/audio><\/li>\n<li>Bis I bei dir drhoimda be<audio class=\"wp-audio-shortcode\" id=\"audio-96-11\" preload=\"none\" style=\"width: 100%;\" controls=\"controls\"><source type=\"audio\/mpeg\" src=\"https:\/\/herr-diebold.de\/wp-content\/uploads\/2016\/11\/11_Bis-I-bei-dir-drhoimda-be.mp3?_=11\" \/><a href=\"https:\/\/herr-diebold.de\/wp-content\/uploads\/2016\/11\/11_Bis-I-bei-dir-drhoimda-be.mp3\">https:\/\/herr-diebold.de\/wp-content\/uploads\/2016\/11\/11_Bis-I-bei-dir-drhoimda-be.mp3<\/a><\/audio><\/li>\n<li>Scheiss<audio class=\"wp-audio-shortcode\" id=\"audio-96-12\" preload=\"none\" style=\"width: 100%;\" controls=\"controls\"><source type=\"audio\/mpeg\" src=\"https:\/\/herr-diebold.de\/wp-content\/uploads\/2016\/11\/12_Scheiss.mp3?_=12\" \/><a href=\"https:\/\/herr-diebold.de\/wp-content\/uploads\/2016\/11\/12_Scheiss.mp3\">https:\/\/herr-diebold.de\/wp-content\/uploads\/2016\/11\/12_Scheiss.mp3<\/a><\/audio><\/li>\n<li>Na brauch I di<audio class=\"wp-audio-shortcode\" id=\"audio-96-13\" preload=\"none\" style=\"width: 100%;\" controls=\"controls\"><source type=\"audio\/mpeg\" src=\"https:\/\/herr-diebold.de\/wp-content\/uploads\/2016\/11\/13_Na-brauch-I-di.mp3?_=13\" \/><a href=\"https:\/\/herr-diebold.de\/wp-content\/uploads\/2016\/11\/13_Na-brauch-I-di.mp3\">https:\/\/herr-diebold.de\/wp-content\/uploads\/2016\/11\/13_Na-brauch-I-di.mp3<\/a><\/audio><\/li>\n<li>Schbiersch wie I denk<audio class=\"wp-audio-shortcode\" id=\"audio-96-14\" preload=\"none\" style=\"width: 100%;\" controls=\"controls\"><source type=\"audio\/mpeg\" src=\"https:\/\/herr-diebold.de\/wp-content\/uploads\/2016\/11\/14_Schbiersch-wie-I-denk.mp3?_=14\" \/><a href=\"https:\/\/herr-diebold.de\/wp-content\/uploads\/2016\/11\/14_Schbiersch-wie-I-denk.mp3\">https:\/\/herr-diebold.de\/wp-content\/uploads\/2016\/11\/14_Schbiersch-wie-I-denk.mp3<\/a><\/audio><\/li>\n<li>Mei ald\u2019s Haus<audio class=\"wp-audio-shortcode\" id=\"audio-96-15\" preload=\"none\" style=\"width: 100%;\" controls=\"controls\"><source type=\"audio\/mpeg\" src=\"https:\/\/herr-diebold.de\/wp-content\/uploads\/2016\/11\/15_Mei-alds-Haus.mp3?_=15\" \/><a href=\"https:\/\/herr-diebold.de\/wp-content\/uploads\/2016\/11\/15_Mei-alds-Haus.mp3\">https:\/\/herr-diebold.de\/wp-content\/uploads\/2016\/11\/15_Mei-alds-Haus.mp3<\/a><\/audio><\/li>\n<li>Oiner von ohs<audio class=\"wp-audio-shortcode\" id=\"audio-96-16\" preload=\"none\" style=\"width: 100%;\" controls=\"controls\"><source type=\"audio\/mpeg\" src=\"https:\/\/herr-diebold.de\/wp-content\/uploads\/2016\/11\/16_Oiner-von-ohs.mp3?_=16\" \/><a href=\"https:\/\/herr-diebold.de\/wp-content\/uploads\/2016\/11\/16_Oiner-von-ohs.mp3\">https:\/\/herr-diebold.de\/wp-content\/uploads\/2016\/11\/16_Oiner-von-ohs.mp3<\/a><\/audio><\/li>\n<li>Moscht<audio class=\"wp-audio-shortcode\" id=\"audio-96-17\" preload=\"none\" style=\"width: 100%;\" controls=\"controls\"><source type=\"audio\/mpeg\" src=\"https:\/\/herr-diebold.de\/wp-content\/uploads\/2016\/11\/17_Moscht.mp3?_=17\" \/><a href=\"https:\/\/herr-diebold.de\/wp-content\/uploads\/2016\/11\/17_Moscht.mp3\">https:\/\/herr-diebold.de\/wp-content\/uploads\/2016\/11\/17_Moscht.mp3<\/a><\/audio><\/li>\n<\/ol>\n<p>&nbsp;<br \/>\n<iframe loading=\"lazy\" width=\"620px\" height=\"447px\" src=\"https:\/\/www.yumpu.com\/xx\/embed\/view\/WS7sTA4UiJazDq9Y\" frameborder=\"0\" allowfullscreen=\"true\"  allowtransparency=\"true\"><\/iframe><br \/>\n&nbsp;<\/p>\n<p><a href=\"https:\/\/www.facebook.com\/Herr-Diebold-und-Kollegen-124668937554159\/?fref=ts\" target=\"_blank\"><img loading=\"lazy\" decoding=\"async\" class=\"alignnone size-full wp-image-747\" src=\"https:\/\/herr-diebold.de\/wp-content\/uploads\/2016\/12\/FB-FindUsonFacebook-online-114.png\" alt=\"\" width=\"114\" height=\"21\" \/><\/a><\/p>\n","protected":false},"excerpt":{"rendered":"<p>Wer sagt denn, dass Schwaben immer bodenst\u00e4ndig bleiben m\u00fcssen? Der Herr Diebold macht es vor, indem er seit Sommer2016 in Kairo lebt. [&hellip;]<\/p>\n","protected":false},"author":1,"featured_media":0,"parent":0,"menu_order":0,"comment_status":"closed","ping_status":"closed","template":"","meta":{"footnotes":""},"class_list":["post-96","page","type-page","status-publish","hentry"],"_links":{"self":[{"href":"https:\/\/herr-diebold.de\/index.php\/wp-json\/wp\/v2\/pages\/96"}],"collection":[{"href":"https:\/\/herr-diebold.de\/index.php\/wp-json\/wp\/v2\/pages"}],"about":[{"href":"https:\/\/herr-diebold.de\/index.php\/wp-json\/wp\/v2\/types\/page"}],"author":[{"embeddable":true,"href":"https:\/\/herr-diebold.de\/index.php\/wp-json\/wp\/v2\/users\/1"}],"replies":[{"embeddable":true,"href":"https:\/\/herr-diebold.de\/index.php\/wp-json\/wp\/v2\/comments?post=96"}],"version-history":[{"count":33,"href":"https:\/\/herr-diebold.de\/index.php\/wp-json\/wp\/v2\/pages\/96\/revisions"}],"predecessor-version":[{"id":139,"href":"https:\/\/herr-diebold.de\/index.php\/wp-json\/wp\/v2\/pages\/96\/revisions\/139"}],"wp:attachment":[{"href":"https:\/\/herr-diebold.de\/index.php\/wp-json\/wp\/v2\/media?parent=96"}],"curies":[{"name":"wp","href":"https:\/\/api.w.org\/{rel}","templated":true}]}}