{"id":79,"date":"2016-11-28T14:44:19","date_gmt":"2016-11-28T13:44:19","guid":{"rendered":"http:\/\/herr-diebold.de\/wordpress\/?page_id=79"},"modified":"2016-12-10T15:02:16","modified_gmt":"2016-12-10T14:02:16","slug":"frieder","status":"publish","type":"page","link":"https:\/\/herr-diebold.de\/index.php\/frieder\/","title":{"rendered":"Frieder"},"content":{"rendered":"<p><img loading=\"lazy\" decoding=\"async\" class=\"alignnone wp-image-126 size-medium\" src=\"https:\/\/herr-diebold.de\/wp-content\/uploads\/2016\/11\/Frieder3-200x300.jpg\" alt=\"frieder3\" width=\"200\" height=\"300\" srcset=\"https:\/\/herr-diebold.de\/wp-content\/uploads\/2016\/11\/Frieder3-200x300.jpg 200w, https:\/\/herr-diebold.de\/wp-content\/uploads\/2016\/11\/Frieder3-768x1154.jpg 768w, https:\/\/herr-diebold.de\/wp-content\/uploads\/2016\/11\/Frieder3-682x1024.jpg 682w, https:\/\/herr-diebold.de\/wp-content\/uploads\/2016\/11\/Frieder3-830x1247.jpg 830w, https:\/\/herr-diebold.de\/wp-content\/uploads\/2016\/11\/Frieder3-230x345.jpg 230w, https:\/\/herr-diebold.de\/wp-content\/uploads\/2016\/11\/Frieder3-350x526.jpg 350w, https:\/\/herr-diebold.de\/wp-content\/uploads\/2016\/11\/Frieder3-480x721.jpg 480w, https:\/\/herr-diebold.de\/wp-content\/uploads\/2016\/11\/Frieder3.jpg 932w\" sizes=\"(max-width: 200px) 100vw, 200px\" \/><\/p>\n<p>&nbsp;<\/p>\n<p>Frieder entdeckte die Liebe zu den Drums bereits im Laufstall (Was isch denn des? Alles begann mit einem Kochtopf und 2 Kochl\u00f6ffeln). Er lebt in Giengen\/Brenz, da wo die bekannten Steifftiere herkommen, mit Familie und Hund.<\/p>\n<p>&#8222;Offiziell&#8220; arbeitet er als selbst\u00e4ndiger Kaufmann im Textilbereich (fr\u00fcher hie\u00df das Tuchh\u00e4ndler oder so \u00e4hnlich).<\/p>\n<p>Musik ist f\u00fcr ihn ein wichtiger Ausgleich, um abzuschalten.<\/p>\n<p>In seiner Freizeit restauriert er gerne alte &#8222;Vintage Snaredrums und Schlagzeuge&#8220; oder ist als leidenschaftlicher Camper wieder mal irgendwo auf der Welt unterwegs.<\/p>\n<p>Da er schon fr\u00fch als Drummer begann, hat er in vielen regionalen Bands gespielt. Seit \u00fcber 2 Jahrzehnten rockt er mit der Coverrockband &#8222;Bretthart&#8220; und engagiert sich heute gerne beim &#8222;BrenzTown Blues Club&#8220; in Heidenheim. Dort ist er auch Schlagzeuger der &#8222;Sessionband&#8220; bei der monatlich stattfindenden Blues Session.<\/p>\n<p>Legt jetzt auch den Groove bei Herrn Diebold und den netten Kollegen.<\/p>\n<p>&nbsp;<\/p>\n<p><a href=\"https:\/\/www.facebook.com\/Herr-Diebold-und-Kollegen-124668937554159\/?fref=ts\" target=\"_blank\"><img loading=\"lazy\" decoding=\"async\" class=\"alignnone size-full wp-image-747\" src=\"https:\/\/herr-diebold.de\/wp-content\/uploads\/2016\/12\/FB-FindUsonFacebook-online-114.png\" alt=\"\" width=\"114\" height=\"21\" \/><\/a><\/p>\n","protected":false},"excerpt":{"rendered":"<p>&nbsp; Frieder entdeckte die Liebe zu den Drums bereits im Laufstall (Was isch denn des? Alles begann mit einem Kochtopf und 2 [&hellip;]<\/p>\n","protected":false},"author":1,"featured_media":0,"parent":0,"menu_order":0,"comment_status":"closed","ping_status":"closed","template":"","meta":{"footnotes":""},"class_list":["post-79","page","type-page","status-publish","hentry"],"_links":{"self":[{"href":"https:\/\/herr-diebold.de\/index.php\/wp-json\/wp\/v2\/pages\/79"}],"collection":[{"href":"https:\/\/herr-diebold.de\/index.php\/wp-json\/wp\/v2\/pages"}],"about":[{"href":"https:\/\/herr-diebold.de\/index.php\/wp-json\/wp\/v2\/types\/page"}],"author":[{"embeddable":true,"href":"https:\/\/herr-diebold.de\/index.php\/wp-json\/wp\/v2\/users\/1"}],"replies":[{"embeddable":true,"href":"https:\/\/herr-diebold.de\/index.php\/wp-json\/wp\/v2\/comments?post=79"}],"version-history":[{"count":4,"href":"https:\/\/herr-diebold.de\/index.php\/wp-json\/wp\/v2\/pages\/79\/revisions"}],"predecessor-version":[{"id":791,"href":"https:\/\/herr-diebold.de\/index.php\/wp-json\/wp\/v2\/pages\/79\/revisions\/791"}],"wp:attachment":[{"href":"https:\/\/herr-diebold.de\/index.php\/wp-json\/wp\/v2\/media?parent=79"}],"curies":[{"name":"wp","href":"https:\/\/api.w.org\/{rel}","templated":true}]}}