{"id":75,"date":"2016-11-28T14:44:05","date_gmt":"2016-11-28T13:44:05","guid":{"rendered":"http:\/\/herr-diebold.de\/wordpress\/?page_id=75"},"modified":"2016-12-10T15:05:08","modified_gmt":"2016-12-10T14:05:08","slug":"miha","status":"publish","type":"page","link":"https:\/\/herr-diebold.de\/index.php\/miha\/","title":{"rendered":"Miha"},"content":{"rendered":"<p><img loading=\"lazy\" decoding=\"async\" class=\"alignnone wp-image-124 size-medium\" src=\"https:\/\/herr-diebold.de\/wp-content\/uploads\/2016\/11\/Miha_02-200x300.jpg\" alt=\"miha_02\" width=\"200\" height=\"300\" srcset=\"https:\/\/herr-diebold.de\/wp-content\/uploads\/2016\/11\/Miha_02-200x300.jpg 200w, https:\/\/herr-diebold.de\/wp-content\/uploads\/2016\/11\/Miha_02-230x344.jpg 230w, https:\/\/herr-diebold.de\/wp-content\/uploads\/2016\/11\/Miha_02-350x524.jpg 350w, https:\/\/herr-diebold.de\/wp-content\/uploads\/2016\/11\/Miha_02-480x719.jpg 480w, https:\/\/herr-diebold.de\/wp-content\/uploads\/2016\/11\/Miha_02.jpg 641w\" sizes=\"(max-width: 200px) 100vw, 200px\" \/><\/p>\n<p>&nbsp;<\/p>\n<p>1973:<\/p>\n<ul>\n<li>Erster Kontakt und Unterricht auf klassischer Gitarre<\/li>\n<\/ul>\n<p>1976:<\/p>\n<ul>\n<li>Weiterbildung auf der E-Gitarre und bis 1979 Gitarrist in Schul- und Spassbands<\/li>\n<\/ul>\n<p>1980:<\/p>\n<ul>\n<li>Gr\u00fcndung der Jazz-Fusion-Band \u201eSietch Tabr\u201c<\/li>\n<\/ul>\n<p>1981:<\/p>\n<ul>\n<li>Einstieg in die Aalener Band \u201eJigsaw Puzzle\u201c<\/li>\n<li>Erste Studio-Erfahrungen<\/li>\n<li>Konzerte quer durch Deutschland<\/li>\n<\/ul>\n<p>1984:<\/p>\n<ul>\n<li>Namens\u00e4nderung von \u201eJigsaw Puzzle\u201c in \u201eBaby M\u00fcller\u201c<\/li>\n<li>Ver\u00f6ffentlichung einer L.P. und einer Single<\/li>\n<li>Konzertreisen durch ehemaliges Jugoslawien, England, Frankreich und Deutschland<\/li>\n<li>Aufnahme einer Maxi-Picture-Disc und einer weiteren Single<\/li>\n<li>Gema Mitglied<\/li>\n<\/ul>\n<p>Seit 1985:<\/p>\n<ul>\n<li>Weiterbildung in Harmonielehre, Jazz, Improvisation und klassischer Gitarre<\/li>\n<li>Beruficher Anfang als selbstst\u00e4ndiger Gitarrenlehrer<\/li>\n<\/ul>\n<p>1988:<\/p>\n<ul>\n<li>Mitbegr\u00fcnder der Coverband \u201ePink Melone\u201c<\/li>\n<li>Tourneen durch Ost und Westdeutschland sowie \u00d6sterreich<\/li>\n<\/ul>\n<p>1990:<\/p>\n<ul>\n<li>Er\u00f6ffnung der Musikschule Spilek in Aalen City<\/li>\n<\/ul>\n<p>1991:<\/p>\n<ul>\n<li>Aufnahme einer Live-CD mit Pink Melone<\/li>\n<\/ul>\n<p>1992:<\/p>\n<ul>\n<li>Vergr\u00f6\u00dferung der Musikschule Spilek und Umzug in die Rombacherstr. 16, in Aalen<\/li>\n<\/ul>\n<p>1993:<\/p>\n<ul>\n<li>Einstieg in das Bandprojekt \u201eSpecial Guests\u201c<\/li>\n<li>Mehrere Studioaufnahmen und eine Studio CD<\/li>\n<li>Konzerte in Deutschland und Ungarn<\/li>\n<\/ul>\n<p>1995:<\/p>\n<ul>\n<li>Bescheinigung des Kultusministeriums Baden-W\u00fcrttemberg zur Musikschule, mit ordnungsgem\u00e4\u00dfer Vorbereitung auf einen Musikerberuf bzw. Aufnahme zur Musikhochschule<\/li>\n<\/ul>\n<p>1996:<\/p>\n<ul>\n<li>Umzug der Musikschule in die Rombacherstra\u00dfe 12<\/li>\n<li>Erweiterung des Ausbildungsangebots<\/li>\n<\/ul>\n<p>1997:<\/p>\n<ul>\n<li>Gr\u00fcndung der Rock-Pop Band \u201eAnything\u201c<\/li>\n<\/ul>\n<p>1998:<\/p>\n<ul>\n<li>CD Mitschnitt mit dem Chor \u201eTon-Art\u201c mit Begleitband<\/li>\n<\/ul>\n<p>1999:<\/p>\n<ul>\n<li>Aufnahme der Studio CD \u201earond the music\u201c mit Anything<\/li>\n<li>Auftritte in Clubs und Festivals<\/li>\n<\/ul>\n<p>2000:<\/p>\n<ul>\n<li>Mitglied im Tonk\u00fcnstlerverband Baden-W\u00fcrttemberg<\/li>\n<li>CD Mitschnitt mit dem Chor \u201eTon-Art\u201c mit Begleitband<\/li>\n<\/ul>\n<p>2001:<\/p>\n<ul>\n<li>Gitarrist bei der \u201eAndreas T. Bundy Big Band\u201c<\/li>\n<\/ul>\n<p>2002:<\/p>\n<ul>\n<li>Mitglied im bdpm (Bundesverband Deutscher Privatmusikschulen e.V.)<\/li>\n<li>Kooperation mit dem Musikverein AA-Westhausen mit Musikalischer Ausbildung<\/li>\n<\/ul>\n<p>2003:<\/p>\n<ul>\n<li>Veranstaltung des Benefts-Rock-Konzerts f\u00fcr die Karl-Heinz-B\u00f6hm Stiftung \u201eMenschen f\u00fcr Menschen\u201c<\/li>\n<\/ul>\n<p>2004:<\/p>\n<ul>\n<li>CD Aufnahme mit der \u201eAndreas T. Bundy Big Band\u201c<\/li>\n<\/ul>\n<p>2006:<\/p>\n<ul>\n<li>Aufnahme der 2. Studio CD mit Anything (\u201eAnything can happen\u201d)<\/li>\n<\/ul>\n<p>2007:<\/p>\n<ul>\n<li>Revivalconcert mit \u201eBaby M\u00fcller\u201d\/ Aalener Rathausplatz<\/li>\n<\/ul>\n<p>2008:<\/p>\n<ul>\n<li>Wiederbelebung der \u201eSietch Tabr Band\u201c<\/li>\n<\/ul>\n<p>2009:<\/p>\n<ul>\n<li>Mit \u201eThe Sietch Tabr Band\u201d als Begleitband f\u00fcr Michael Diebold und Kollegen t\u00e4tig (Schw\u00e4bischer Unsinn in bekannten Melodien)<\/li>\n<li>Mit \u201eAnything\u201c auf Ebe Wagner`s CD \u201eHits der Ostalb\u201c vertreten<\/li>\n<\/ul>\n<p>2015:<\/p>\n<ul>\n<li>25-j\u00e4hriges Jubil\u00e4um der Musikschule Spilek<\/li>\n<\/ul>\n<p>&nbsp;<\/p>\n<p><a href=\"https:\/\/www.facebook.com\/Herr-Diebold-und-Kollegen-124668937554159\/?fref=ts\" target=\"_blank\"><img loading=\"lazy\" decoding=\"async\" class=\"alignnone size-full wp-image-747\" src=\"https:\/\/herr-diebold.de\/wp-content\/uploads\/2016\/12\/FB-FindUsonFacebook-online-114.png\" alt=\"\" width=\"114\" height=\"21\" \/><\/a><\/p>\n","protected":false},"excerpt":{"rendered":"<p>&nbsp; 1973: Erster Kontakt und Unterricht auf klassischer Gitarre 1976: Weiterbildung auf der E-Gitarre und bis 1979 Gitarrist in Schul- und Spassbands [&hellip;]<\/p>\n","protected":false},"author":1,"featured_media":0,"parent":0,"menu_order":0,"comment_status":"closed","ping_status":"closed","template":"","meta":{"footnotes":""},"class_list":["post-75","page","type-page","status-publish","hentry"],"_links":{"self":[{"href":"https:\/\/herr-diebold.de\/index.php\/wp-json\/wp\/v2\/pages\/75"}],"collection":[{"href":"https:\/\/herr-diebold.de\/index.php\/wp-json\/wp\/v2\/pages"}],"about":[{"href":"https:\/\/herr-diebold.de\/index.php\/wp-json\/wp\/v2\/types\/page"}],"author":[{"embeddable":true,"href":"https:\/\/herr-diebold.de\/index.php\/wp-json\/wp\/v2\/users\/1"}],"replies":[{"embeddable":true,"href":"https:\/\/herr-diebold.de\/index.php\/wp-json\/wp\/v2\/comments?post=75"}],"version-history":[{"count":5,"href":"https:\/\/herr-diebold.de\/index.php\/wp-json\/wp\/v2\/pages\/75\/revisions"}],"predecessor-version":[{"id":796,"href":"https:\/\/herr-diebold.de\/index.php\/wp-json\/wp\/v2\/pages\/75\/revisions\/796"}],"wp:attachment":[{"href":"https:\/\/herr-diebold.de\/index.php\/wp-json\/wp\/v2\/media?parent=75"}],"curies":[{"name":"wp","href":"https:\/\/api.w.org\/{rel}","templated":true}]}}