{"id":73,"date":"2016-11-28T14:43:51","date_gmt":"2016-11-28T13:43:51","guid":{"rendered":"http:\/\/herr-diebold.de\/wordpress\/?page_id=73"},"modified":"2021-10-23T21:27:11","modified_gmt":"2021-10-23T19:27:11","slug":"diebo","status":"publish","type":"page","link":"https:\/\/herr-diebold.de\/index.php\/diebo\/","title":{"rendered":"Diebo"},"content":{"rendered":"<p><img loading=\"lazy\" decoding=\"async\" class=\"alignnone wp-image-624 size-medium\" src=\"https:\/\/herr-diebold.de\/wp-content\/uploads\/2016\/12\/Diebo_Profil-200x300.jpg\" alt=\"diebo_profil\" width=\"200\" height=\"300\" srcset=\"https:\/\/herr-diebold.de\/wp-content\/uploads\/2016\/12\/Diebo_Profil-200x300.jpg 200w, https:\/\/herr-diebold.de\/wp-content\/uploads\/2016\/12\/Diebo_Profil-768x1154.jpg 768w, https:\/\/herr-diebold.de\/wp-content\/uploads\/2016\/12\/Diebo_Profil-682x1024.jpg 682w, https:\/\/herr-diebold.de\/wp-content\/uploads\/2016\/12\/Diebo_Profil-830x1247.jpg 830w, https:\/\/herr-diebold.de\/wp-content\/uploads\/2016\/12\/Diebo_Profil-230x345.jpg 230w, https:\/\/herr-diebold.de\/wp-content\/uploads\/2016\/12\/Diebo_Profil-350x526.jpg 350w, https:\/\/herr-diebold.de\/wp-content\/uploads\/2016\/12\/Diebo_Profil-480x721.jpg 480w, https:\/\/herr-diebold.de\/wp-content\/uploads\/2016\/12\/Diebo_Profil.jpg 932w\" sizes=\"(max-width: 200px) 100vw, 200px\" \/><\/p>\n<h6>Michael \u201eDiebo\u201c Diebold<\/h6>\n<p>Namensgeber des kleinen aber feinen schw\u00e4bischen Orchesters, das sich \u201eHerr Diebold ond Kollega\u201c nennt.\u00a0 Altersm\u00e4\u00dfig Anfang 60, macht er genau die Musik, die ihn seit der Jugend bis heute begleitet. Und als \u00fcberzeugter Schwabe verpasst er jedem Song das \u201eBroide Nudla Schw\u00e4bisch\u201c seiner alten Heimat, der rauen Ostalb.<\/p>\n<p>Dabei lebt er schon seit \u00fcber 25 Jahren nicht mehr im L\u00e4ndle, denn aktuell ist sein Zuhause in Tunis, der Hauptstadt Tunesiens (quasi auf der anderen Seite vom Mittelmeer). Was ihn nicht daran hindert, mit sch\u00f6ner Regelm\u00e4\u00dfigkeit in die alte Heimat zu jetten und es dort auf den B\u00fchnen des L\u00e4ndles fett schw\u00e4bisch krachen zu lassen.<\/p>\n<p>Die Gitarre hat er sich umgeh\u00e4ngt, damit er etwas hat auf der B\u00fchne, an dem er sich festhalten kann. Seine Dom\u00e4ne ist der Text, die Melodie, die Stimme und die Schlagfertigkeit, mit der er den \u201eschw\u00e4bischen Unsinn in bekannten Melodien\u201c direkt ins Ohr, in den Kopf und ins Zwerchfell der Zuh\u00f6rer hineintreibt.<\/p>\n<p><a href=\"https:\/\/www.facebook.com\/Herr-Diebold-und-Kollegen-124668937554159\/?fref=ts\" target=\"_blank\" rel=\"noopener\"><img loading=\"lazy\" decoding=\"async\" class=\"alignnone size-full wp-image-747\" src=\"https:\/\/herr-diebold.de\/wp-content\/uploads\/2016\/12\/FB-FindUsonFacebook-online-114.png\" alt=\"\" width=\"114\" height=\"21\" \/><\/a><\/p>\n","protected":false},"excerpt":{"rendered":"<p>Michael \u201eDiebo\u201c Diebold Namensgeber des kleinen aber feinen schw\u00e4bischen Orchesters, das sich \u201eHerr Diebold ond Kollega\u201c nennt.\u00a0 Altersm\u00e4\u00dfig Anfang 60, macht er [&hellip;]<\/p>\n","protected":false},"author":1,"featured_media":0,"parent":0,"menu_order":0,"comment_status":"closed","ping_status":"closed","template":"","meta":{"footnotes":""},"class_list":["post-73","page","type-page","status-publish","hentry"],"_links":{"self":[{"href":"https:\/\/herr-diebold.de\/index.php\/wp-json\/wp\/v2\/pages\/73"}],"collection":[{"href":"https:\/\/herr-diebold.de\/index.php\/wp-json\/wp\/v2\/pages"}],"about":[{"href":"https:\/\/herr-diebold.de\/index.php\/wp-json\/wp\/v2\/types\/page"}],"author":[{"embeddable":true,"href":"https:\/\/herr-diebold.de\/index.php\/wp-json\/wp\/v2\/users\/1"}],"replies":[{"embeddable":true,"href":"https:\/\/herr-diebold.de\/index.php\/wp-json\/wp\/v2\/comments?post=73"}],"version-history":[{"count":10,"href":"https:\/\/herr-diebold.de\/index.php\/wp-json\/wp\/v2\/pages\/73\/revisions"}],"predecessor-version":[{"id":5913,"href":"https:\/\/herr-diebold.de\/index.php\/wp-json\/wp\/v2\/pages\/73\/revisions\/5913"}],"wp:attachment":[{"href":"https:\/\/herr-diebold.de\/index.php\/wp-json\/wp\/v2\/media?parent=73"}],"curies":[{"name":"wp","href":"https:\/\/api.w.org\/{rel}","templated":true}]}}