{"id":6097,"date":"2024-03-16T08:19:49","date_gmt":"2024-03-16T07:19:49","guid":{"rendered":"https:\/\/herr-diebold.de\/?page_id=6097"},"modified":"2024-12-26T13:13:31","modified_gmt":"2024-12-26T12:13:31","slug":"duo","status":"publish","type":"page","link":"https:\/\/herr-diebold.de\/index.php\/duo\/","title":{"rendered":"Duo"},"content":{"rendered":"\n<h2 class=\"wp-block-heading has-text-align-center\">Herr Diebold ond Frau Schmid<\/h2>\n\n\n\n<h4 class=\"wp-block-heading has-text-align-center\">Schw\u00e4bischer Ohsenn en bekannde Duette<\/h4>\n\n\n\n<p><\/p>\n\n\n\n<figure class=\"wp-block-image size-large\"><img loading=\"lazy\" decoding=\"async\" width=\"1024\" height=\"768\" src=\"https:\/\/herr-diebold.de\/wp-content\/uploads\/2024\/03\/Duo-1024x768.jpg\" alt=\"\" class=\"wp-image-6103\" srcset=\"https:\/\/herr-diebold.de\/wp-content\/uploads\/2024\/03\/Duo-1024x768.jpg 1024w, https:\/\/herr-diebold.de\/wp-content\/uploads\/2024\/03\/Duo-300x225.jpg 300w, https:\/\/herr-diebold.de\/wp-content\/uploads\/2024\/03\/Duo-768x576.jpg 768w, https:\/\/herr-diebold.de\/wp-content\/uploads\/2024\/03\/Duo-600x450.jpg 600w, https:\/\/herr-diebold.de\/wp-content\/uploads\/2024\/03\/Duo-1536x1152.jpg 1536w, https:\/\/herr-diebold.de\/wp-content\/uploads\/2024\/03\/Duo-2048x1536.jpg 2048w, https:\/\/herr-diebold.de\/wp-content\/uploads\/2024\/03\/Duo-920x690.jpg 920w, https:\/\/herr-diebold.de\/wp-content\/uploads\/2024\/03\/Duo-230x172.jpg 230w, https:\/\/herr-diebold.de\/wp-content\/uploads\/2024\/03\/Duo-350x262.jpg 350w, https:\/\/herr-diebold.de\/wp-content\/uploads\/2024\/03\/Duo-480x360.jpg 480w\" sizes=\"(max-width: 1024px) 100vw, 1024px\" \/><\/figure>\n\n\n\n<p>Beide lieben den schw\u00e4bischen Dialekt, und beide singen. Die eine &#8222;richtig&#8220; und sch\u00f6n (also richtig sch\u00f6n), der andere halt auch (irgendwie). Gefunden haben sich Britta Schmid und Diebo Diebold bereits 2019 bei einem gemeinsamen Konzert in Aalen.<\/p>\n\n\n\n<p>Brittas 42nd Floor Bigband hatte Diebos schw\u00e4bisches Orkeschderle Herr Diebold ond Kollega als &#8222;Special Guests&#8220; dabei, und v\u00f6llig ungeprobt ergab es sich aus lauter Jux und \u00dcbermut, dass Britta Schmid bei der Zugabe die Schwabenmugger mit Harmoniegesang unterst\u00fctzte.<\/p>\n\n\n\n<p>Aus (coro)naheliegenden Gr\u00fcnden dauerte es dann gute zwei Jahre, bis aus der Jam-Session &#8222;Herr Diebold ond Frau Schmid&#8220; wurde. Denn genau darauf hat die Welt gewartet: bekannte Duette aus Pop, Rock und Country im allerbesten Schw\u00e4bisch.<\/p>\n\n\n\n<p>Herr Diebold steht f\u00fcrs gereimte Spa\u00dfprogramm, Frau Schmid daf\u00fcr, dass alles auch glasklar und perfekt zweistimmig intoniert wird. Das Programm der beiden Rampens\u00e4ue mit jahrelanger B\u00fchnenerfahrung bietet bekannte Duette im allerbesten Broide-Nudla-Schw\u00e4bisch mit Hirn und Herz.<\/p>\n\n\n\n<p>Dass beide den besonders engen Kontakt zu ihren Zuh\u00f6rerInnen lieben, quasi \u201ehautnah\u201c dran am Publikum, kann man am besten bei privaten Wohnzimmerkonzerten mit guten Freunden und der nur selten buckligen Verwandtschaft erleben. Aber auch auf kommerziellen B\u00fchnen (jaja, bei der sogenannten \u201eKleinkunst\u201c) r\u00e4umen Herr Diebold ond Frau Schmid regelm\u00e4\u00dfig ab.<\/p>\n\n\n\n<p>Wer sehen und h\u00f6ren will, wie Simon &amp; Garfunkel, Suzy Quatro &amp; Chris Norman oder Dean Martin &amp; Nancy Sinatra auf Schw\u00e4bisch klingt, hat jetzt h\u00e4ufiger die Gelegenheit dazu.<\/p>\n\n\n\n<p>Wann und wo das Duo zu h\u00f6ren ist findet ihr auf der allgemeinen Termin\u00fcbersicht auf dieser Website. Und unter \u201eBooking\u201c steht sogar, wie man mit dem sympathischen Duo zwecks Terminabsprachen bei euch zuhause oder im Flecka in Kontakt treten kann.<\/p>\n","protected":false},"excerpt":{"rendered":"<p>Herr Diebold ond Frau Schmid Schw\u00e4bischer Ohsenn en bekannde Duette Beide lieben den schw\u00e4bischen Dialekt, und beide singen. Die eine &#8222;richtig&#8220; und [&hellip;]<\/p>\n","protected":false},"author":3,"featured_media":6103,"parent":0,"menu_order":0,"comment_status":"closed","ping_status":"closed","template":"","meta":{"footnotes":""},"class_list":["post-6097","page","type-page","status-publish","has-post-thumbnail","hentry"],"_links":{"self":[{"href":"https:\/\/herr-diebold.de\/index.php\/wp-json\/wp\/v2\/pages\/6097"}],"collection":[{"href":"https:\/\/herr-diebold.de\/index.php\/wp-json\/wp\/v2\/pages"}],"about":[{"href":"https:\/\/herr-diebold.de\/index.php\/wp-json\/wp\/v2\/types\/page"}],"author":[{"embeddable":true,"href":"https:\/\/herr-diebold.de\/index.php\/wp-json\/wp\/v2\/users\/3"}],"replies":[{"embeddable":true,"href":"https:\/\/herr-diebold.de\/index.php\/wp-json\/wp\/v2\/comments?post=6097"}],"version-history":[{"count":6,"href":"https:\/\/herr-diebold.de\/index.php\/wp-json\/wp\/v2\/pages\/6097\/revisions"}],"predecessor-version":[{"id":6183,"href":"https:\/\/herr-diebold.de\/index.php\/wp-json\/wp\/v2\/pages\/6097\/revisions\/6183"}],"wp:featuredmedia":[{"embeddable":true,"href":"https:\/\/herr-diebold.de\/index.php\/wp-json\/wp\/v2\/media\/6103"}],"wp:attachment":[{"href":"https:\/\/herr-diebold.de\/index.php\/wp-json\/wp\/v2\/media?parent=6097"}],"curies":[{"name":"wp","href":"https:\/\/api.w.org\/{rel}","templated":true}]}}