{"id":532,"date":"2016-12-02T12:58:27","date_gmt":"2016-12-02T11:58:27","guid":{"rendered":"http:\/\/herr-diebold.de\/wordpress\/?page_id=532"},"modified":"2018-08-23T09:01:08","modified_gmt":"2018-08-23T07:01:08","slug":"fotos-2014","status":"publish","type":"page","link":"https:\/\/herr-diebold.de\/index.php\/fotos-2014\/","title":{"rendered":"Fotos 2014"},"content":{"rendered":"<h6><a href=\"https:\/\/herr-diebold.de\/index.php\/20-12-2014-hebebuehne-in-strassdorf\/\">20.12.2014 Hebeb\u00fchne in Strassdorf<\/a><\/h6>\n<h6><a href=\"https:\/\/herr-diebold.de\/index.php\/04-10-2014-loewenbraeu-in-aalen\/\">04.10.2014 L\u00f6wenbr\u00e4u in Aalen<\/a><\/h6>\n<h6><a href=\"https:\/\/herr-diebold.de\/index.php\/12-09-2014-im-kloster-herbrechtingen\/\">12.09.2014 Im Kloster Herbrechtingen<\/a><\/h6>\n<h6><a href=\"https:\/\/herr-diebold.de\/index.php\/09-09-2014-club-jagger-in-berlin\/\">09.09.2014 Club Jagger in Berlin<\/a><\/h6>\n<p>&nbsp;<\/p>\n<p><a href=\"https:\/\/www.facebook.com\/Herr-Diebold-und-Kollegen-124668937554159\/?fref=ts\" target=\"_blank\" rel=\"noopener\"><img loading=\"lazy\" decoding=\"async\" class=\"alignnone size-full wp-image-747\" src=\"https:\/\/herr-diebold.de\/wp-content\/uploads\/2016\/12\/FB-FindUsonFacebook-online-114.png\" alt=\"\" width=\"114\" height=\"21\" \/><\/a><\/p>\n<p>Bilder von unserem Fotograf &#8222;Kalle Linkert&#8220; aus Giengen<\/p>\n","protected":false},"excerpt":{"rendered":"<p>20.12.2014 Hebeb\u00fchne in Strassdorf 04.10.2014 L\u00f6wenbr\u00e4u in Aalen 12.09.2014 Im Kloster Herbrechtingen 09.09.2014 Club Jagger in Berlin &nbsp; Bilder von unserem Fotograf [&hellip;]<\/p>\n","protected":false},"author":1,"featured_media":0,"parent":0,"menu_order":0,"comment_status":"closed","ping_status":"closed","template":"","meta":{"footnotes":""},"class_list":["post-532","page","type-page","status-publish","hentry"],"_links":{"self":[{"href":"https:\/\/herr-diebold.de\/index.php\/wp-json\/wp\/v2\/pages\/532"}],"collection":[{"href":"https:\/\/herr-diebold.de\/index.php\/wp-json\/wp\/v2\/pages"}],"about":[{"href":"https:\/\/herr-diebold.de\/index.php\/wp-json\/wp\/v2\/types\/page"}],"author":[{"embeddable":true,"href":"https:\/\/herr-diebold.de\/index.php\/wp-json\/wp\/v2\/users\/1"}],"replies":[{"embeddable":true,"href":"https:\/\/herr-diebold.de\/index.php\/wp-json\/wp\/v2\/comments?post=532"}],"version-history":[{"count":5,"href":"https:\/\/herr-diebold.de\/index.php\/wp-json\/wp\/v2\/pages\/532\/revisions"}],"predecessor-version":[{"id":1734,"href":"https:\/\/herr-diebold.de\/index.php\/wp-json\/wp\/v2\/pages\/532\/revisions\/1734"}],"wp:attachment":[{"href":"https:\/\/herr-diebold.de\/index.php\/wp-json\/wp\/v2\/media?parent=532"}],"curies":[{"name":"wp","href":"https:\/\/api.w.org\/{rel}","templated":true}]}}