{"id":40,"date":"2016-11-28T13:36:12","date_gmt":"2016-11-28T12:36:12","guid":{"rendered":"http:\/\/herr-diebold.de\/wordpress\/?page_id=40"},"modified":"2021-10-17T16:23:48","modified_gmt":"2021-10-17T14:23:48","slug":"dohoim","status":"publish","type":"page","link":"https:\/\/herr-diebold.de\/","title":{"rendered":"Dohoim"},"content":{"rendered":"<p>Gr\u00fc\u00df Gott!<\/p>\n<p>Sch\u00f6n dass du auf unserer Website gelandet bist. Der Einfachheit halber wollen wir trotz unserer Leidenschaft f\u00fcr die schw\u00e4bische Sprache zun\u00e4chst mal beim Hochdeutsch bleiben, ok?<\/p>\n<p>Kurz und knackig muss die Begr\u00fc\u00dfung sein, hat unser Webmeister gefordert. Gar nicht so einfach, denn wir haben eigentlich ganz sch\u00f6n viel zu sagen. Da w\u00e4re vor allem unser Konzept:<\/p>\n<p><strong>Schw\u00e4bischer Unsinn in bekannten Melodien<\/strong><\/p>\n<p>Das hei\u00dft, du hast die meisten Songs schon im Ohr, die du von uns h\u00f6rst, dazu dann unsere schw\u00e4bischen Textchen. Beileibe nicht immer unsinnig, oft auch tief-, hinter-, scharf- &nbsp;oder feinsinnig.<\/p>\n<p>Man mag es kaum glauben, aber wir nehmen uns<\/p>\n<ol>\n<li>selbst nicht allzu ernst, aber<\/li>\n<li>allen Themen mit der gebotenen augenzwinkernden Seri\u00f6sit\u00e4t an.<\/li>\n<\/ol>\n<p><img loading=\"lazy\" decoding=\"async\" class=\"alignnone wp-image-439 size-large\" src=\"https:\/\/herr-diebold.de\/wp-content\/uploads\/2016\/12\/20140912_Band_01-1024x682.jpg\" alt=\"20140912_band_01\" width=\"1024\" height=\"682\" srcset=\"https:\/\/herr-diebold.de\/wp-content\/uploads\/2016\/12\/20140912_Band_01-1024x682.jpg 1024w, https:\/\/herr-diebold.de\/wp-content\/uploads\/2016\/12\/20140912_Band_01-300x200.jpg 300w, https:\/\/herr-diebold.de\/wp-content\/uploads\/2016\/12\/20140912_Band_01-768x511.jpg 768w, https:\/\/herr-diebold.de\/wp-content\/uploads\/2016\/12\/20140912_Band_01-830x553.jpg 830w, https:\/\/herr-diebold.de\/wp-content\/uploads\/2016\/12\/20140912_Band_01-230x153.jpg 230w, https:\/\/herr-diebold.de\/wp-content\/uploads\/2016\/12\/20140912_Band_01-350x233.jpg 350w, https:\/\/herr-diebold.de\/wp-content\/uploads\/2016\/12\/20140912_Band_01-480x320.jpg 480w, https:\/\/herr-diebold.de\/wp-content\/uploads\/2016\/12\/20140912_Band_01.jpg 1400w\" sizes=\"(max-width: 1024px) 100vw, 1024px\" \/><\/p>\n<p><\/p>\n<p>Wanderalzheimer, missgl\u00fcckte Altbausanierung, Fernweh mit Durchfall, analytische Betrachtungen volkst\u00fcmlicher M\u00e4rchen, Schlussverkaufswahnsinn oder die Gefahren des&nbsp; unkontrollierten Weizenbierkonsums sind nur einige Aspekte unseres dialektischen Spaziergangs durch fast f\u00fcnf Jahrzehnte Pop- und Rockgeschichte. Und wenn es sein muss, k\u00f6nnen wir auch romantisch, aber sowas von.<\/p>\n<p>Am besten du klickst dich jetzt mal durch unsere neue, phantastische, untoppbare, einzigartige Homepage und genie\u00dft die Fotos, Videos oder Musikanspieler, die dir einen Eindruck davon geben, wer wir sind und was wir tun.<\/p>\n<p>Vielleicht macht es dir Lust darauf, mehr von uns zu sehen und zu h\u00f6ren. Dann lege ich dir den Besuch eines unserer Konzerte oder den Kauf der einen oder anderen CD von Herrn Diebold ond Kollega ans Herz.<\/p>\n<p>Sodele, einstweilen w\u00fcnsch ich dir viel Spa\u00df und gr\u00fc\u00dfe herzlich als<\/p>\n<p>the one and only Hutmichel von der Ostalb,<\/p>\n<p>Herr Diebold<\/p>\n<p><\/p>\n<p><a href=\"https:\/\/www.facebook.com\/Herr-Diebold-und-Kollegen-124668937554159\/?fref=ts\" target=\"_blank\" rel=\"noopener\"><img loading=\"lazy\" decoding=\"async\" class=\"alignnone size-full wp-image-747\" src=\"https:\/\/herr-diebold.de\/wp-content\/uploads\/2016\/12\/FB-FindUsonFacebook-online-114.png\" alt=\"\" width=\"114\" height=\"21\"><\/a><\/p>\n\n\n<h5>Melde Dich f\u00fcr unseren Newsletter an um stets auf dem Laufenden zu bleiben!<\/h5>\n\n\n<p>[wysija_form id=&#8220;1&#8243;]<\/p>\n\n\n\n<p><\/p>\n\n\n\n<p><\/p>\n\n\n\n<p><a href=\"https:\/\/herr-diebold.de\/index.php\/datenschutzerklaerung\/\">Datenschutzerkl\u00e4rung<\/a><\/p>\n","protected":false},"excerpt":{"rendered":"<p>Gr\u00fc\u00df Gott! Sch\u00f6n dass du auf unserer Website gelandet bist. Der Einfachheit halber wollen wir trotz unserer Leidenschaft f\u00fcr die schw\u00e4bische Sprache [&hellip;]<\/p>\n","protected":false},"author":1,"featured_media":0,"parent":0,"menu_order":0,"comment_status":"closed","ping_status":"closed","template":"","meta":{"footnotes":""},"class_list":["post-40","page","type-page","status-publish","hentry"],"_links":{"self":[{"href":"https:\/\/herr-diebold.de\/index.php\/wp-json\/wp\/v2\/pages\/40"}],"collection":[{"href":"https:\/\/herr-diebold.de\/index.php\/wp-json\/wp\/v2\/pages"}],"about":[{"href":"https:\/\/herr-diebold.de\/index.php\/wp-json\/wp\/v2\/types\/page"}],"author":[{"embeddable":true,"href":"https:\/\/herr-diebold.de\/index.php\/wp-json\/wp\/v2\/users\/1"}],"replies":[{"embeddable":true,"href":"https:\/\/herr-diebold.de\/index.php\/wp-json\/wp\/v2\/comments?post=40"}],"version-history":[{"count":16,"href":"https:\/\/herr-diebold.de\/index.php\/wp-json\/wp\/v2\/pages\/40\/revisions"}],"predecessor-version":[{"id":5895,"href":"https:\/\/herr-diebold.de\/index.php\/wp-json\/wp\/v2\/pages\/40\/revisions\/5895"}],"wp:attachment":[{"href":"https:\/\/herr-diebold.de\/index.php\/wp-json\/wp\/v2\/media?parent=40"}],"curies":[{"name":"wp","href":"https:\/\/api.w.org\/{rel}","templated":true}]}}